{"id":32,"date":"2015-12-30T15:42:59","date_gmt":"2015-12-30T15:42:59","guid":{"rendered":"http:\/\/themenectar.com\/demo\/salient-corporate\/?page_id=32"},"modified":"2023-09-05T12:48:39","modified_gmt":"2023-09-05T12:48:39","slug":"news","status":"publish","type":"page","link":"https:\/\/mwrr.de\/en\/news\/","title":{"rendered":"News"},"content":{"rendered":"<div id=\"fws_69e1e9a4a883a\"  data-column-margin=\"default\" data-midnight=\"dark\"  class=\"wpb_row vc_row-fluid vc_row full-width-content vc_row-o-equal-height vc_row-flex vc_row-o-content-top\"  style=\"padding-top: 0px; padding-bottom: 0px; \"><div class=\"row-bg-wrap\" data-bg-animation=\"none\" data-bg-animation-delay=\"\" data-bg-overlay=\"false\"><div class=\"inner-wrap row-bg-layer\" ><div class=\"row-bg viewport-desktop\"  style=\"\"><\/div><\/div><\/div><div class=\"row_col_wrap_12 col span_12 dark left\">\n\t<div  class=\"vc_col-sm-12 wpb_column column_container vc_column_container col no-extra-padding inherit_tablet inherit_phone\"  data-padding-pos=\"all\" data-has-bg-color=\"false\" data-bg-color=\"\" data-bg-opacity=\"1\" data-animation=\"\" data-delay=\"0\" >\n\t\t<div class=\"vc_column-inner\" >\n\t\t\t<div class=\"wpb_wrapper\">\n\t\t\t\t<div class=\"nectar-recent-posts-slider\" data-height=\"450\" data-animate-in-effect=\"zoom-out\" data-remove-post-date=\"\" data-remove-post-author=\"\" data-remove-post-comment-number=\"\" data-remove-post-nectar-love=\"\"><div class=\"nectar-recent-posts-slider-inner generate-markup\">\n      \n      <div class=\"nectar-recent-post-slide  post-ref-0\">\n\n        <div class=\"nectar-recent-post-bg\"  style=\" background-color: #232323; background-image: url(https:\/\/mwrr.de\/wp-content\/uploads\/2023\/08\/rabih-shasha-tTv6Lo5uQVQ-unsplash-scaled.jpg); \"> <\/div>\n\n        <div class=\"recent-post-container container\"><div class=\"inner-wrap\"><span class=\"strong\"><a class=\"recycling\" href=\"https:\/\/mwrr.de\/en\/category\/recycling\/\"><span class=\"recycling\">Recycling<\/span><\/a><a class=\"ruckbau\" href=\"https:\/\/mwrr.de\/en\/category\/ruckbau\/\"><span class=\"ruckbau\">Decommis&shy;sioning<\/span><\/a><\/span>\n          <h2 class=\"post-ref-0\"><a href=\" https:\/\/mwrr.de\/en\/2023\/08\/09\/globaler-wettbewerb-bei-recyclinglosungen-fur-windturbinenflugel\/\" class=\"full-slide-link\"> Global competition in recycling solutions for wind turbine blades <\/a><\/h2>\n\n        <\/div>\n\n      <\/div>\n\n      <\/div>\n\n    \n  \n      \n      <div class=\"nectar-recent-post-slide  post-ref-1\">\n\n        <div class=\"nectar-recent-post-bg\"  style=\" background-color: #232323; background-image: url(https:\/\/mwrr.de\/wp-content\/uploads\/2023\/03\/1920x1080.jpg); \"> <\/div>\n\n        <div class=\"recent-post-container container\"><div class=\"inner-wrap\"><span class=\"strong\"><a class=\"politik\" href=\"https:\/\/mwrr.de\/en\/category\/politik\/\"><span class=\"politik\">Politics<\/span><\/a><a class=\"ruckbau\" href=\"https:\/\/mwrr.de\/en\/category\/ruckbau\/\"><span class=\"ruckbau\">Decommis&shy;sioning<\/span><\/a><\/span>\n          <h2 class=\"post-ref-1\"><a href=\" https:\/\/mwrr.de\/en\/2023\/03\/16\/ruckbau-statt-aufbruch\/\" class=\"full-slide-link\"> Dismantling Instead of Breakthrough <\/a><\/h2>\n\n        <\/div>\n\n      <\/div>\n\n      <\/div>\n\n    \n  \n      \n      <div class=\"nectar-recent-post-slide  post-ref-2\">\n\n        <div class=\"nectar-recent-post-bg\"  style=\" background-color: #232323; background-image: url(https:\/\/mwrr.de\/wp-content\/uploads\/2023\/03\/windkraftanlage_im_bau_gabriele_rohde_fotolia_12345741_m.jpg); \"> <\/div>\n\n        <div class=\"recent-post-container container\"><div class=\"inner-wrap\"><span class=\"strong\"><a class=\"recycling\" href=\"https:\/\/mwrr.de\/en\/category\/recycling\/\"><span class=\"recycling\">Recycling<\/span><\/a><a class=\"repowering\" href=\"https:\/\/mwrr.de\/en\/category\/repowering\/\"><span class=\"repowering\">Repowering<\/span><\/a><a class=\"ruckbau\" href=\"https:\/\/mwrr.de\/en\/category\/ruckbau\/\"><span class=\"ruckbau\">Decommis&shy;sioning<\/span><\/a><\/span>\n          <h2 class=\"post-ref-2\"><a href=\" https:\/\/mwrr.de\/en\/2023\/03\/16\/windenergieanlagen-ruckbau-recycling-repowering\/\" class=\"full-slide-link\"> Decommissioning, Recycling, Repowering <\/a><\/h2>\n\n        <\/div>\n\n      <\/div>\n\n      <\/div>\n\n    \n  <\/div><\/div>\n\t\t\t<\/div> \n\t\t<\/div>\n\t<\/div> \n<\/div><\/div>\n\t\t<div id=\"blog\"  data-column-margin=\"default\" data-midnight=\"dark\"  class=\"wpb_row vc_row-fluid vc_row\"  style=\"padding-top: 40px; padding-bottom: 40px; \"><div class=\"row-bg-wrap\" data-bg-animation=\"none\" data-bg-animation-delay=\"\" data-bg-overlay=\"false\"><div class=\"inner-wrap row-bg-layer\" ><div class=\"row-bg viewport-desktop\"  style=\"\"><\/div><\/div><\/div><div class=\"row_col_wrap_12 col span_12 dark left\">\n\t<div  class=\"vc_col-sm-12 wpb_column column_container vc_column_container col no-extra-padding inherit_tablet inherit_phone\"  data-padding-pos=\"all\" data-has-bg-color=\"false\" data-bg-color=\"\" data-bg-opacity=\"1\" data-animation=\"\" data-delay=\"0\" >\n\t\t<div class=\"vc_column-inner\" >\n\t\t\t<div class=\"wpb_wrapper\">\n\t\t\t\t\n<div class=\"row\">\n\n <div class=\"post-area col  span_12 col_last masonry classic_enhanced  infinite_scroll\" data-ams=\"\" data-remove-post-date=\"\" data-remove-post-author=\"1\" data-remove-post-comment-number=\"1\" data-remove-post-nectar-love=\"1\"> <div class=\"posts-container\" data-load-animation=\"fade_in_from_bottom\">     \n     \n<article id=\"post-6964\" class=\"regular masonry-blog-item post-6964 post type-post status-publish format-standard has-post-thumbnail category-recycling category-ruckbau\">  \n    \n  <div class=\"inner-wrap animated\">\n    \n    <div class=\"post-content\">\n      \n      <a href=\"https:\/\/mwrr.de\/en\/2023\/08\/09\/globaler-wettbewerb-bei-recyclinglosungen-fur-windturbinenflugel\/\" class=\"img-link\"><span class=\"post-featured-img\"><img loading=\"lazy\" decoding=\"async\" width=\"600\" height=\"403\" src=\"https:\/\/mwrr.de\/wp-content\/uploads\/2023\/08\/rabih-shasha-tTv6Lo5uQVQ-unsplash-600x403.jpg\" class=\"attachment-portfolio-thumb size-portfolio-thumb skip-lazy wp-post-image\" alt=\"\" title=\"\" sizes=\"auto, (min-width: 1600px) 20vw, (min-width: 1300px) 25vw, (min-width: 1000px) 33.3vw, (min-width: 690px) 50vw, 100vw\" srcset=\"https:\/\/mwrr.de\/wp-content\/uploads\/2023\/08\/rabih-shasha-tTv6Lo5uQVQ-unsplash-600x403.jpg 600w, https:\/\/mwrr.de\/wp-content\/uploads\/2023\/08\/rabih-shasha-tTv6Lo5uQVQ-unsplash-900x604.jpg 900w, https:\/\/mwrr.de\/wp-content\/uploads\/2023\/08\/rabih-shasha-tTv6Lo5uQVQ-unsplash-400x269.jpg 400w\" \/><\/span><\/a>      \n      <div class=\"content-inner\">\n        \n        <a class=\"entire-meta-link\" href=\"https:\/\/mwrr.de\/en\/2023\/08\/09\/globaler-wettbewerb-bei-recyclinglosungen-fur-windturbinenflugel\/\" aria-label=\"Globaler Wettbewerb bei Recycling&shy;l\u00f6sungen f\u00fcr Wind&shy;turbinen&shy;fl\u00fcgel\"><\/a>\n        \n        <span class=\"meta-category\"><a class=\"recycling\" href=\"https:\/\/mwrr.de\/en\/category\/recycling\/\">Recycling<\/a><a class=\"ruckbau\" href=\"https:\/\/mwrr.de\/en\/category\/ruckbau\/\">Decommis&shy;sioning<\/a><\/span>        \n        <div class=\"article-content-wrap\">\n          \n          <div class=\"post-header\">\n            <span>2023-08-09<\/span>            <h3 class=\"title\"><a href=\"https:\/\/mwrr.de\/en\/2023\/08\/09\/globaler-wettbewerb-bei-recyclinglosungen-fur-windturbinenflugel\/\"> Global competition in recycling solutions for wind turbine blades<\/a><\/h3>\n          <\/div>\n          \n          <div class=\"excerpt\">Der globale Wettbewerb zur Entwicklung von Recyclingl\u00f6sungen f\u00fcr Windturbinenfl\u00fcgel nimmt an Intensit\u00e4t zu, da die&hellip;<\/div>\n        <\/div><!--article-content-wrap-->\n        \n      <\/div><!--\/content-inner-->\n      \n      \n<div class=\"post-meta\">\n  \n  <span class=\"meta-author\"> <a href=\"https:\/\/mwrr.de\/en\/author\/fmo328fhes\/\"> <i class=\"icon-default-style icon-salient-m-user\"><\/i> Mittelweser R\u00fcckbau &#38; Recycling GmbH<\/a> <\/span> \n  \n    \n  <div class=\"nectar-love-wrap\">\n    <a href=\"#\" class=\"nectar-love\" id=\"nectar-love-6964\" title=\"Love this\"> <i class=\"icon-salient-heart-2\"><\/i><span class=\"love-text\">Love<\/span><span class=\"total_loves\"><span class=\"nectar-love-count\">154<\/span><\/span><\/a>  <\/div>\n    \n<\/div><!--\/post-meta-->        \n    <\/div><!--\/post-content-->\n      \n  <\/div><!--\/inner-wrap-->\n    \n  <\/article>     \n     \n<article id=\"post-6919\" class=\"regular masonry-blog-item post-6919 post type-post status-publish format-standard has-post-thumbnail category-politik category-ruckbau\">  \n    \n  <div class=\"inner-wrap animated\">\n    \n    <div class=\"post-content\">\n      \n      <a href=\"https:\/\/mwrr.de\/en\/2023\/03\/16\/ruckbau-statt-aufbruch\/\" class=\"img-link\"><span class=\"post-featured-img\"><img loading=\"lazy\" decoding=\"async\" width=\"600\" height=\"403\" src=\"https:\/\/mwrr.de\/wp-content\/uploads\/2023\/03\/1920x1080-600x403.jpg\" class=\"attachment-portfolio-thumb size-portfolio-thumb skip-lazy wp-post-image\" alt=\"\" title=\"\" sizes=\"auto, (min-width: 1600px) 20vw, (min-width: 1300px) 25vw, (min-width: 1000px) 33.3vw, (min-width: 690px) 50vw, 100vw\" srcset=\"https:\/\/mwrr.de\/wp-content\/uploads\/2023\/03\/1920x1080-600x403.jpg 600w, https:\/\/mwrr.de\/wp-content\/uploads\/2023\/03\/1920x1080-900x604.jpg 900w, https:\/\/mwrr.de\/wp-content\/uploads\/2023\/03\/1920x1080-400x269.jpg 400w\" \/><\/span><\/a>      \n      <div class=\"content-inner\">\n        \n        <a class=\"entire-meta-link\" href=\"https:\/\/mwrr.de\/en\/2023\/03\/16\/ruckbau-statt-aufbruch\/\" aria-label=\"Dismantling Instead of Breakthrough\"><\/a>\n        \n        <span class=\"meta-category\"><a class=\"politik\" href=\"https:\/\/mwrr.de\/en\/category\/politik\/\">Politics<\/a><a class=\"ruckbau\" href=\"https:\/\/mwrr.de\/en\/category\/ruckbau\/\">Decommis&shy;sioning<\/a><\/span>        \n        <div class=\"article-content-wrap\">\n          \n          <div class=\"post-header\">\n            <span>2023-03-16<\/span>            <h3 class=\"title\"><a href=\"https:\/\/mwrr.de\/en\/2023\/03\/16\/ruckbau-statt-aufbruch\/\"> Dismantling Instead of Breakthrough<\/a><\/h3>\n          <\/div>\n          \n          <div class=\"excerpt\">Die Windenergiebranche hat in den letzten Jahren ein starkes Wachstum verzeichnet, aber mit dem Ende&hellip;<\/div>\n        <\/div><!--article-content-wrap-->\n        \n      <\/div><!--\/content-inner-->\n      \n      \n<div class=\"post-meta\">\n  \n  <span class=\"meta-author\"> <a href=\"https:\/\/mwrr.de\/en\/author\/fmo328fhes\/\"> <i class=\"icon-default-style icon-salient-m-user\"><\/i> Mittelweser R\u00fcckbau &#38; Recycling GmbH<\/a> <\/span> \n  \n    \n  <div class=\"nectar-love-wrap\">\n    <a href=\"#\" class=\"nectar-love\" id=\"nectar-love-6919\" title=\"Love this\"> <i class=\"icon-salient-heart-2\"><\/i><span class=\"love-text\">Love<\/span><span class=\"total_loves\"><span class=\"nectar-love-count\">154<\/span><\/span><\/a>  <\/div>\n    \n<\/div><!--\/post-meta-->        \n    <\/div><!--\/post-content-->\n      \n  <\/div><!--\/inner-wrap-->\n    \n  <\/article>     \n     \n<article id=\"post-6904\" class=\"regular masonry-blog-item post-6904 post type-post status-publish format-standard has-post-thumbnail category-recycling category-repowering category-ruckbau\">  \n    \n  <div class=\"inner-wrap animated\">\n    \n    <div class=\"post-content\">\n      \n      <a href=\"https:\/\/mwrr.de\/en\/2023\/03\/16\/windenergieanlagen-ruckbau-recycling-repowering\/\" class=\"img-link\"><span class=\"post-featured-img\"><img loading=\"lazy\" decoding=\"async\" width=\"600\" height=\"403\" src=\"https:\/\/mwrr.de\/wp-content\/uploads\/2023\/03\/windkraftanlage_im_bau_gabriele_rohde_fotolia_12345741_m-600x403.jpg\" class=\"attachment-portfolio-thumb size-portfolio-thumb skip-lazy wp-post-image\" alt=\"\" title=\"\" sizes=\"auto, (min-width: 1600px) 20vw, (min-width: 1300px) 25vw, (min-width: 1000px) 33.3vw, (min-width: 690px) 50vw, 100vw\" srcset=\"https:\/\/mwrr.de\/wp-content\/uploads\/2023\/03\/windkraftanlage_im_bau_gabriele_rohde_fotolia_12345741_m-600x403.jpg 600w, https:\/\/mwrr.de\/wp-content\/uploads\/2023\/03\/windkraftanlage_im_bau_gabriele_rohde_fotolia_12345741_m-900x604.jpg 900w, https:\/\/mwrr.de\/wp-content\/uploads\/2023\/03\/windkraftanlage_im_bau_gabriele_rohde_fotolia_12345741_m-400x269.jpg 400w\" \/><\/span><\/a>      \n      <div class=\"content-inner\">\n        \n        <a class=\"entire-meta-link\" href=\"https:\/\/mwrr.de\/en\/2023\/03\/16\/windenergieanlagen-ruckbau-recycling-repowering\/\" aria-label=\"Decommissioning, Recycling, Repowering\"><\/a>\n        \n        <span class=\"meta-category\"><a class=\"recycling\" href=\"https:\/\/mwrr.de\/en\/category\/recycling\/\">Recycling<\/a><a class=\"repowering\" href=\"https:\/\/mwrr.de\/en\/category\/repowering\/\">Repowering<\/a><a class=\"ruckbau\" href=\"https:\/\/mwrr.de\/en\/category\/ruckbau\/\">Decommis&shy;sioning<\/a><\/span>        \n        <div class=\"article-content-wrap\">\n          \n          <div class=\"post-header\">\n            <span>2023-03-16<\/span>            <h3 class=\"title\"><a href=\"https:\/\/mwrr.de\/en\/2023\/03\/16\/windenergieanlagen-ruckbau-recycling-repowering\/\"> Decommissioning, Recycling, Repowering<\/a><\/h3>\n          <\/div>\n          \n          <div class=\"excerpt\">In Deutschland werden in den n\u00e4chsten Jahren viele Windenergieanlagen zur\u00fcckgebaut, um Platz f\u00fcr neue, leistungsst\u00e4rkere&hellip;<\/div>\n        <\/div><!--article-content-wrap-->\n        \n      <\/div><!--\/content-inner-->\n      \n      \n<div class=\"post-meta\">\n  \n  <span class=\"meta-author\"> <a href=\"https:\/\/mwrr.de\/en\/author\/fmo328fhes\/\"> <i class=\"icon-default-style icon-salient-m-user\"><\/i> Mittelweser R\u00fcckbau &#38; Recycling GmbH<\/a> <\/span> \n  \n    \n  <div class=\"nectar-love-wrap\">\n    <a href=\"#\" class=\"nectar-love\" id=\"nectar-love-6904\" title=\"Love this\"> <i class=\"icon-salient-heart-2\"><\/i><span class=\"love-text\">Love<\/span><span class=\"total_loves\"><span class=\"nectar-love-count\">154<\/span><\/span><\/a>  <\/div>\n    \n<\/div><!--\/post-meta-->        \n    <\/div><!--\/post-content-->\n      \n  <\/div><!--\/inner-wrap-->\n    \n  <\/article>    \n    <\/div><!--\/posts container-->\n    \n      \n<\/div><!--\/post area-->\n\n  \n\n<\/div>\n\n\n\t\t\t<\/div> \n\t\t<\/div>\n\t<\/div> \n<\/div><\/div>","protected":false},"excerpt":{"rendered":"In Deutschland werden in den n\u00e4chsten Jahren viele Windenergieanlagen zur\u00fcckgebaut, um Platz f\u00fcr neue, leistungsst\u00e4rkere Anlagen zu schaffen. Der R\u00fcckbau von Windenergieanlagen erfordert spezielle Kenntnisse und F\u00e4higkeiten, um eine sichere...","protected":false},"author":1,"featured_media":0,"parent":0,"menu_order":0,"comment_status":"closed","ping_status":"closed","template":"","meta":{"_monsterinsights_skip_tracking":false,"_monsterinsights_sitenote_active":false,"_monsterinsights_sitenote_note":"","_monsterinsights_sitenote_category":0,"footnotes":""},"class_list":["post-32","page","type-page","status-publish"],"_links":{"self":[{"href":"https:\/\/mwrr.de\/en\/wp-json\/wp\/v2\/pages\/32","targetHints":{"allow":["GET"]}}],"collection":[{"href":"https:\/\/mwrr.de\/en\/wp-json\/wp\/v2\/pages"}],"about":[{"href":"https:\/\/mwrr.de\/en\/wp-json\/wp\/v2\/types\/page"}],"author":[{"embeddable":true,"href":"https:\/\/mwrr.de\/en\/wp-json\/wp\/v2\/users\/1"}],"replies":[{"embeddable":true,"href":"https:\/\/mwrr.de\/en\/wp-json\/wp\/v2\/comments?post=32"}],"version-history":[{"count":4,"href":"https:\/\/mwrr.de\/en\/wp-json\/wp\/v2\/pages\/32\/revisions"}],"predecessor-version":[{"id":7067,"href":"https:\/\/mwrr.de\/en\/wp-json\/wp\/v2\/pages\/32\/revisions\/7067"}],"wp:attachment":[{"href":"https:\/\/mwrr.de\/en\/wp-json\/wp\/v2\/media?parent=32"}],"curies":[{"name":"wp","href":"https:\/\/api.w.org\/{rel}","templated":true}]}}