{"id":6886,"date":"2023-03-16T02:48:08","date_gmt":"2023-03-16T02:48:08","guid":{"rendered":"http:\/\/mwrr.de\/?page_id=6886"},"modified":"2023-08-09T10:59:12","modified_gmt":"2023-08-09T10:59:12","slug":"faq","status":"publish","type":"page","link":"https:\/\/mwrr.de\/en\/faq\/","title":{"rendered":"FAQ"},"content":{"rendered":"<div id=\"fws_69e1e974a8b26\"  data-column-margin=\"default\" data-midnight=\"light\"  class=\"wpb_row vc_row-fluid vc_row full-width-section vc_row-o-equal-height vc_row-flex vc_row-o-content-middle\"  style=\"padding-top: 115px; padding-bottom: 115px; \"><div class=\"row-bg-wrap\" data-bg-animation=\"none\" data-bg-animation-delay=\"\" data-bg-overlay=\"true\"><div class=\"inner-wrap row-bg-layer using-image\" ><div class=\"row-bg viewport-desktop using-image using-bg-color\"  style=\"background-image: url(https:\/\/mwrr.de\/wp-content\/uploads\/2023\/03\/windmills-g4d2673a30_1920.jpg); background-position: center center; background-repeat: no-repeat; background-color: #000000; \"><\/div><\/div><div class=\"row-bg-overlay row-bg-layer\" style=\"background-color:#333333;  opacity: 0.95; \"><\/div><\/div><div class=\"row_col_wrap_12 col span_12 light left\">\n\t<div  class=\"vc_col-sm-12 wpb_column column_container vc_column_container col no-extra-padding force-tablet-text-align-center force-phone-text-align-center inherit_tablet inherit_phone\"  data-padding-pos=\"all\" data-has-bg-color=\"false\" data-bg-color=\"\" data-bg-opacity=\"1\" data-animation=\"\" data-delay=\"0\" >\n\t\t<div class=\"vc_column-inner\" >\n\t\t\t<div class=\"wpb_wrapper\">\n\t\t\t\t\n<div class=\"wpb_text_column wpb_content_element\" >\n\t<div class=\"wpb_wrapper\">\n\t\t<h1 style=\"text-align: center;\">FAQ<\/h1>\n\t<\/div>\n<\/div>\n\n\n\n\n\t\t\t<\/div> \n\t\t<\/div>\n\t<\/div> \n<\/div><\/div>\n\t\t<div id=\"fws_69e1e974aa365\"  data-column-margin=\"default\" data-midnight=\"dark\"  class=\"wpb_row vc_row-fluid vc_row full-width-section\"  style=\"padding-top: 100px; padding-bottom: 100px; \"><div class=\"row-bg-wrap\" data-bg-animation=\"none\" data-bg-animation-delay=\"\" data-bg-overlay=\"false\"><div class=\"inner-wrap row-bg-layer\" ><div class=\"row-bg viewport-desktop using-bg-color\"  style=\"background-color: #f7f7f7; \"><\/div><\/div><\/div><div class=\"row_col_wrap_12 col span_12 dark left\">\n\t<div  class=\"vc_col-sm-12 wpb_column column_container vc_column_container col no-extra-padding inherit_tablet inherit_phone\"  data-padding-pos=\"all\" data-has-bg-color=\"false\" data-bg-color=\"\" data-bg-opacity=\"1\" data-animation=\"\" data-delay=\"0\" >\n\t\t<div class=\"vc_column-inner\" >\n\t\t\t<div class=\"wpb_wrapper\">\n\t\t\t\t<div class=\"toggles\" data-br=\"\" data-starting=\"default\" data-style=\"minimal\"><div class=\"toggle default\" data-inner-wrap=\"true\"><h3 class=\"toggle-title\"><a href=\"#\" class=\"nectar-inherit-h4 toggle-heading\"><i class=\"fa fa-plus-circle\"><\/i>What is the difference between deconstruction and recycling?<\/a><\/h3><div><div class=\"inner-toggle-wrap\">\n<div class=\"wpb_text_column wpb_content_element\" >\n\t<div class=\"wpb_wrapper\">\n\t\t<p><span style=\"font-weight: 400;\">Deconstruction refers to the process of dismantling or breaking down structures or facilities, while recycling refers to the process of reusing materials that are obtained from deconstruction.<\/span><\/p>\n\t<\/div>\n<\/div>\n\n\n\n<\/div><\/div><\/div><div class=\"toggle default\" data-inner-wrap=\"true\"><h3 class=\"toggle-title\"><a href=\"#\" class=\"nectar-inherit-h4 toggle-heading\"><i class=\"fa fa-plus-circle\"><\/i>What are the benefits of recycling wind turbines?<\/a><\/h3><div><div class=\"inner-toggle-wrap\">\n<div class=\"wpb_text_column wpb_content_element\" >\n\t<div class=\"wpb_wrapper\">\n\t\t<p><span style=\"font-weight: 400;\">Recycling wind turbines helps to reuse valuable resources like steel and copper and reduces waste that would otherwise have to be stored in landfills. Additionally, recycling wind turbines can contribute to reducing greenhouse gas emissions and create jobs in the recycling industry.<\/span><\/p>\n\t<\/div>\n<\/div>\n\n\n\n<\/div><\/div><\/div><div class=\"toggle default\" data-inner-wrap=\"true\"><h3 class=\"toggle-title\"><a href=\"#\" class=\"nectar-inherit-h4 toggle-heading\"><i class=\"fa fa-plus-circle\"><\/i>Which materials are reused in the recycling of wind turbines?<\/a><\/h3><div><div class=\"inner-toggle-wrap\">\n<div class=\"wpb_text_column wpb_content_element\" >\n\t<div class=\"wpb_wrapper\">\n\t\t<p><span style=\"font-weight: 400;\">In the recycling of wind turbines, various materials are reused, such as steel, copper, plastics, and electrical components.<\/span><\/p>\n\t<\/div>\n<\/div>\n\n\n\n<\/div><\/div><\/div><div class=\"toggle default\" data-inner-wrap=\"true\"><h3 class=\"toggle-title\"><a href=\"#\" class=\"nectar-inherit-h4 toggle-heading\"><i class=\"fa fa-plus-circle\"><\/i>How are materials sorted in the recycling of wind turbines?<\/a><\/h3><div><div class=\"inner-toggle-wrap\">\n<div class=\"wpb_text_column wpb_content_element\" >\n\t<div class=\"wpb_wrapper\">\n\t\t<p><span style=\"font-weight: 400;\">The materials in the recycling of wind turbines are sorted using specialized techniques and machines that are tailored to the specific properties of the different materials.<\/span><\/p>\n\t<\/div>\n<\/div>\n\n\n\n<\/div><\/div><\/div><div class=\"toggle default\" data-inner-wrap=\"true\"><h3 class=\"toggle-title\"><a href=\"#\" class=\"nectar-inherit-h4 toggle-heading\"><i class=\"fa fa-plus-circle\"><\/i>What are the advantages of collaborating with a professional deconstruction and recycling service provider?<\/a><\/h3><div><div class=\"inner-toggle-wrap\">\n<div class=\"wpb_text_column wpb_content_element\" >\n\t<div class=\"wpb_wrapper\">\n\t\t<p><span style=\"font-weight: 400;\">Collaborating with a professional deconstruction and recycling service provider can ensure a quick and efficient handling of the deconstruction and recycling process. Additionally, these service providers have specialized knowledge and skills to dispose of or reuse materials in a safe and environmentally friendly manner.<\/span><\/p>\n\t<\/div>\n<\/div>\n\n\n\n<\/div><\/div><\/div><div class=\"toggle default\" data-inner-wrap=\"true\"><h3 class=\"toggle-title\"><a href=\"#\" class=\"nectar-inherit-h4 toggle-heading\"><i class=\"fa fa-plus-circle\"><\/i>What are the key steps in planning a deconstruction and recycling project?<\/a><\/h3><div><div class=\"inner-toggle-wrap\">\n<div class=\"wpb_text_column wpb_content_element\" >\n\t<div class=\"wpb_wrapper\">\n\t\t<p><span style=\"font-weight: 400;\">The key steps in planning a deconstruction and recycling project include determining the scope of the project, identifying potential risks, selecting the right service provider, setting timelines and budgets, and complying with environmental standards and regulations.<\/span><\/p>\n\t<\/div>\n<\/div>\n\n\n\n<\/div><\/div><\/div><div class=\"toggle default\" data-inner-wrap=\"true\"><h3 class=\"toggle-title\"><a href=\"#\" class=\"nectar-inherit-h4 toggle-heading\"><i class=\"fa fa-plus-circle\"><\/i>What is the difference between deconstruction and recycling of wind turbines?<\/a><\/h3><div><div class=\"inner-toggle-wrap\">\n<div class=\"wpb_text_column wpb_content_element\" >\n\t<div class=\"wpb_wrapper\">\n\t\t<p><span style=\"font-weight: 400;\">Deconstruction refers to the process where a wind turbine is taken down and dismantled. Recycling refers to the reuse of materials that come from the deconstruction. Both processes can be offered by the same companies.<\/span><\/p>\n\t<\/div>\n<\/div>\n\n\n\n<\/div><\/div><\/div><div class=\"toggle default\" data-inner-wrap=\"true\"><h3 class=\"toggle-title\"><a href=\"#\" class=\"nectar-inherit-h4 toggle-heading\"><i class=\"fa fa-plus-circle\"><\/i>How long does it take to deconstruct a wind turbine?<\/a><\/h3><div><div class=\"inner-toggle-wrap\">\n<div class=\"wpb_text_column wpb_content_element\" >\n\t<div class=\"wpb_wrapper\">\n\t\t<p><span style=\"font-weight: 400;\">The duration of the deconstruction depends on various factors such as the size of the facility, site conditions, and access to the site. Typically, deconstructing a wind turbine takes between a few weeks and several months.<\/span><\/p>\n\t<\/div>\n<\/div>\n\n\n\n<\/div><\/div><\/div><div class=\"toggle default\" data-inner-wrap=\"true\"><h3 class=\"toggle-title\"><a href=\"#\" class=\"nectar-inherit-h4 toggle-heading\"><i class=\"fa fa-plus-circle\"><\/i>What happens to the components of a wind turbine after deconstruction?<\/a><\/h3><div><div class=\"inner-toggle-wrap\">\n<div class=\"wpb_text_column wpb_content_element\" >\n\t<div class=\"wpb_wrapper\">\n\t\t<p><span style=\"font-weight: 400;\">The components are sorted and can either be prepared for reuse or for recycling. In some cases, they may also be passed on for sale to third parties.<\/span><\/p>\n\t<\/div>\n<\/div>\n\n\n\n<\/div><\/div><\/div><div class=\"toggle default\" data-inner-wrap=\"true\"><h3 class=\"toggle-title\"><a href=\"#\" class=\"nectar-inherit-h4 toggle-heading\"><i class=\"fa fa-plus-circle\"><\/i>How are the materials from the deconstruction of a wind turbine recycled?<\/a><\/h3><div><div class=\"inner-toggle-wrap\">\n<div class=\"wpb_text_column wpb_content_element\" >\n\t<div class=\"wpb_wrapper\">\n\t\t<p><span style=\"font-weight: 400;\">The materials are sorted and subjected to different recycling processes depending on the type of material. For example, steel is melted down and turned into new steel products. Copper is melted and turned into new copper products. Plastics are processed into granules that can be used for the production of new plastic products.<\/span><\/p>\n\t<\/div>\n<\/div>\n\n\n\n<\/div><\/div><\/div><div class=\"toggle default\" data-inner-wrap=\"true\"><h3 class=\"toggle-title\"><a href=\"#\" class=\"nectar-inherit-h4 toggle-heading\"><i class=\"fa fa-plus-circle\"><\/i>How environmentally friendly is the deconstruction and recycling of wind turbines?<\/a><\/h3><div><div class=\"inner-toggle-wrap\">\n<div class=\"wpb_text_column wpb_content_element\" >\n\t<div class=\"wpb_wrapper\">\n\t\t<p><span style=\"font-weight: 400;\">The deconstruction and recycling of wind turbines are generally environmentally friendly, as the majority of the materials are reused or recycled. However, it is important to ensure that the deconstruction and recycling are carried out taking into account environmental aspects and health and safety standards.<\/span><\/p>\n\t<\/div>\n<\/div>\n\n\n\n<\/div><\/div><\/div><div class=\"toggle default\" data-inner-wrap=\"true\"><h3 class=\"toggle-title\"><a href=\"#\" class=\"nectar-inherit-h4 toggle-heading\"><i class=\"fa fa-plus-circle\"><\/i>How can I ensure that my deconstruction or recycling project is carried out legally and sustainably?<\/a><\/h3><div><div class=\"inner-toggle-wrap\">\n<div class=\"wpb_text_column wpb_content_element\" >\n\t<div class=\"wpb_wrapper\">\n\t\t<p><span style=\"font-weight: 400;\">It is important to choose an experienced and qualified service provider who has all the necessary certifications and permits. You should also ensure that the service provider has appropriate procedures for minimizing environmental pollution and complying with health and safety standards.<\/span><\/p>\n\t<\/div>\n<\/div>\n\n\n\n<\/div><\/div><\/div><\/div>\n\n\n\n\n\n\n\n\n\n\n\n\n\n\n\n\n\n\n\n\n\t\t\t<\/div> \n\t\t<\/div>\n\t<\/div> \n<\/div><\/div>","protected":false},"excerpt":{"rendered":"FAQ Was ist der Unterschied zwischen R\u00fcckbau und Recycling? Der R\u00fcckbau bezieht sich auf den Prozess der Demontage oder des Abbaus von Strukturen oder Anlagen, w\u00e4hrend das Recycling den Prozess...","protected":false},"author":1,"featured_media":0,"parent":0,"menu_order":0,"comment_status":"closed","ping_status":"closed","template":"","meta":{"_monsterinsights_skip_tracking":false,"_monsterinsights_sitenote_active":false,"_monsterinsights_sitenote_note":"","_monsterinsights_sitenote_category":0,"footnotes":""},"class_list":["post-6886","page","type-page","status-publish"],"_links":{"self":[{"href":"https:\/\/mwrr.de\/en\/wp-json\/wp\/v2\/pages\/6886","targetHints":{"allow":["GET"]}}],"collection":[{"href":"https:\/\/mwrr.de\/en\/wp-json\/wp\/v2\/pages"}],"about":[{"href":"https:\/\/mwrr.de\/en\/wp-json\/wp\/v2\/types\/page"}],"author":[{"embeddable":true,"href":"https:\/\/mwrr.de\/en\/wp-json\/wp\/v2\/users\/1"}],"replies":[{"embeddable":true,"href":"https:\/\/mwrr.de\/en\/wp-json\/wp\/v2\/comments?post=6886"}],"version-history":[{"count":5,"href":"https:\/\/mwrr.de\/en\/wp-json\/wp\/v2\/pages\/6886\/revisions"}],"predecessor-version":[{"id":6985,"href":"https:\/\/mwrr.de\/en\/wp-json\/wp\/v2\/pages\/6886\/revisions\/6985"}],"wp:attachment":[{"href":"https:\/\/mwrr.de\/en\/wp-json\/wp\/v2\/media?parent=6886"}],"curies":[{"name":"wp","href":"https:\/\/api.w.org\/{rel}","templated":true}]}}