{"id":6949,"date":"2023-03-21T17:17:25","date_gmt":"2023-03-21T17:17:25","guid":{"rendered":"http:\/\/mwrr.de\/?page_id=6949"},"modified":"2025-11-20T13:30:08","modified_gmt":"2025-11-20T12:30:08","slug":"impressum","status":"publish","type":"page","link":"https:\/\/mwrr.de\/en\/impressum\/","title":{"rendered":"Legal Notice"},"content":{"rendered":"<div id=\"intro\"  data-column-margin=\"default\" data-midnight=\"light\" data-top-percent=\"9%\" data-bottom-percent=\"9%\"  class=\"wpb_row vc_row-fluid vc_row full-width-section\"  style=\"padding-top: calc(100vw * 0.09); padding-bottom: calc(100vw * 0.09); \"><div class=\"row-bg-wrap\" data-bg-animation=\"none\" data-bg-animation-delay=\"\" data-bg-overlay=\"true\"><div class=\"inner-wrap row-bg-layer using-image\" ><div class=\"row-bg viewport-desktop using-image using-bg-color\"  style=\"background-image: url(https:\/\/mwrr.de\/wp-content\/uploads\/2023\/03\/sunset-gc1675cd02_1920.jpg); background-position: center center; background-repeat: no-repeat; background-color: #454156; \"><\/div><\/div><div class=\"row-bg-overlay row-bg-layer\" style=\"background-color:#0a0a0a;  opacity: 0.8; \"><\/div><\/div><div class=\"row_col_wrap_12 col span_12 light left\">\n\t<div  class=\"vc_col-sm-12 wpb_column column_container vc_column_container col centered-text has-animation padding-6-percent inherit_tablet inherit_phone\"  data-padding-pos=\"all\" data-has-bg-color=\"false\" data-bg-color=\"\" data-bg-opacity=\"1\" data-animation=\"fade-in-from-bottom\" data-delay=\"0\" >\n\t\t<div class=\"vc_column-inner\" >\n\t\t\t<div class=\"wpb_wrapper\">\n\t\t\t\t\n<div class=\"wpb_text_column wpb_content_element\" >\n\t<div class=\"wpb_wrapper\">\n\t\t<h1>Legal Notice<\/h1>\n\t<\/div>\n<\/div>\n\n\n\n\n\t\t\t<\/div> \n\t\t<\/div>\n\t<\/div> \n<\/div><\/div>\n\t\t<div id=\"fws_69e1e8fc887b9\"  data-column-margin=\"default\" data-midnight=\"dark\"  class=\"wpb_row vc_row-fluid vc_row\"  style=\"padding-top: 0px; padding-bottom: 0px; \"><div class=\"row-bg-wrap\" data-bg-animation=\"none\" data-bg-animation-delay=\"\" data-bg-overlay=\"false\"><div class=\"inner-wrap row-bg-layer\" ><div class=\"row-bg viewport-desktop\"  style=\"\"><\/div><\/div><\/div><div class=\"row_col_wrap_12 col span_12 dark left\">\n\t<div  class=\"vc_col-sm-12 wpb_column column_container vc_column_container col no-extra-padding inherit_tablet inherit_phone\"  data-padding-pos=\"all\" data-has-bg-color=\"false\" data-bg-color=\"\" data-bg-opacity=\"1\" data-animation=\"\" data-delay=\"0\" >\n\t\t<div class=\"vc_column-inner\" >\n\t\t\t<div class=\"wpb_wrapper\">\n\t\t\t\t<div class=\"divider-wrap\" data-alignment=\"default\"><div style=\"height: 50px;\" class=\"divider\"><\/div><\/div>\n<div class=\"wpb_text_column wpb_content_element\" >\n\t<div class=\"wpb_wrapper\">\n\t\t<p><strong>Provider:<\/strong><br \/>\nMittelweser R\u00fcckbau &amp; Recycling GmbH<br \/>\nBrokeloher Strasse 8-12<br \/>\nD-31628 Landesbergen<br \/>\nTel.: <span class=\"ui-provider azy azz baa bab bac bae baf bag bah bai baj bak bal bam ban bao bap baq bar bas bat bau bav baw bax bay baz bba bbb bbc bbd bbe bbf bbg bbh\" dir=\"ltr\">+49 5025 89400<\/span><\/p>\n<p><strong>Managing Director:<br \/>\n<\/strong><span class=\"ui-provider bmq bmr c d e f g h i j k l m n o p q r s t bms bmt w x y z ab ac ae af ag ah ai aj ak\" dir=\"ltr\">Dennis Heineking, <span class=\"ui-provider bfe bff bfg bfh bfi bfj bfk bfl bfm bfn bfo bfp bfq bfr bfs bft bfu bfv bfw bfx bfy bfz bga bgb bgc bgd bge bgf bgg bgh bgi bgj bgk bgl bgm\" dir=\"ltr\">Marc Heineking<\/span> &amp; Thomas H\u00e4rtel\u00a0<\/span><\/p>\n<p>UST-Id-Nr.: DE <span class=\"ui-provider byv byw bjw byx byy byz bza bzb bzc bzd bze bzf bzg bzh bzi bzj bzk bzl bzm bzn bzo bzp bzq bzr bzs bzt bzu bzv bzw bzx bzy bzz caa cab cac\" dir=\"ltr\">362 495 723<\/span><br \/>\nCommercial Register: Amtsgericht Walsrode, HRB <span class=\"ui-provider byv byw bjw byx byy byz bza bzb bzc bzd bze bzf bzg bzh bzi bzj bzk bzl bzm bzn bzo bzp bzq bzr bzs bzt bzu bzv bzw bzx bzy bzz caa cab cac\" dir=\"ltr\">211227<\/span><br \/>\nLegal form: LLC<\/p>\n<p><strong>Streitschlichtung<br \/>\n<\/strong>Wir sind nicht bereit oder verpflichtet, an Streitbeilegungsverfahren vor einer Verbraucherschlichtungsstelle teilzunehmen.<\/p>\n<p><strong>Disclaimer<\/strong><\/p>\n<p><strong>1. Content of the Online Offering<\/strong><\/p>\n<p align=\"justify\">The author assumes no liability for the timeliness, accuracy, completeness, or quality of the information provided. Liability claims against the author, which relate to material or non-material damages caused by the use or non-use of the information provided or by the use of incorrect and incomplete information, are generally excluded, unless there is evidence of intentional or grossly negligent fault on the part of the author.<\/p>\n<p align=\"justify\">All offers are subject to change and non-binding. The author expressly reserves the right to modify, supplement, delete parts of the pages or the entire offer without separate announcement, or to discontinue the publication temporarily or permanently.<\/p>\n<p><strong>2. References and Links<\/strong><\/p>\n<p align=\"justify\">In the case of direct or indirect references to external websites (\"links\") that lie outside the author's area of responsibility, a liability obligation would only come into effect if the author is aware of the content and it would be technically possible and reasonable for him to prevent the use in the case of illegal content.<\/p>\n<p align=\"justify\">The author therefore expressly declares that at the time the links were created, the corresponding linked pages were free of illegal content. The author has no influence on the current and future design and on the content of the linked\/connected pages. Therefore, he hereby expressly distances himself from all content of all linked\/connected pages that have been changed after the link was set. This statement applies to all links and references set within the author's own website, as well as to third-party entries in guest books, discussion forums, and mailing lists set up by the author. The provider of the page to which reference was made is solely liable for illegal, incorrect, or incomplete content, and in particular for damages arising from the use or non-use of such information, not the person who merely refers to the respective publication via links.<\/p>\n<p><strong>3. Copyright and Trademark Law<\/strong><\/p>\n<p align=\"justify\">The author strives to observe the copyrights of the graphics, sound documents, video sequences, and texts used in all publications, to use graphics, sound documents, video sequences, and texts created by himself, or to use license-free graphics, sound documents, video sequences, and texts.<\/p>\n<p align=\"justify\">All brand names and trademarks mentioned within the Internet offering and possibly protected by third parties are subject without restriction to the provisions of the applicable trademark law and the ownership rights of the respective registered owners. The mere mention is not to conclude that trademarks are not protected by third-party rights!<\/p>\n<p align=\"justify\">The copyright for published objects created by the author himself remains solely with the author of the pages. Duplication or use of such graphics, sound documents, video sequences, and texts in other electronic or printed publications is not permitted without the author's express consent.<\/p>\n<p><strong>4. Legal Validity of this Disclaimer<\/strong><\/p>\n<p align=\"justify\">This disclaimer is to be regarded as part of the internet publication from which you were referred to this page. If sections or individual terms of this text are not legal or correct, the content or validity of the other parts remain uninfluenced by this fact.<\/p>\n\t<\/div>\n<\/div>\n\n\n\n\n\t\t\t<\/div> \n\t\t<\/div>\n\t<\/div> \n<\/div><\/div>","protected":false},"excerpt":{"rendered":"Impressum Anbieter: Mittelweser R\u00fcckbau &amp; Recycling GmbH Brokeloher Strasse 8-12 D-31628 Landesbergen Tel.: +49 5025 89400 Gesch\u00e4ftsf\u00fchrer: Dennis Heineking, Marc Heineking &amp; Thomas H\u00e4rtel\u00a0 UST-Id-Nr.: DE 362 495 723 Handelsregister:...","protected":false},"author":1,"featured_media":0,"parent":0,"menu_order":0,"comment_status":"closed","ping_status":"open","template":"","meta":{"_monsterinsights_skip_tracking":false,"_monsterinsights_sitenote_active":false,"_monsterinsights_sitenote_note":"","_monsterinsights_sitenote_category":0,"footnotes":""},"class_list":["post-6949","page","type-page","status-publish"],"_links":{"self":[{"href":"https:\/\/mwrr.de\/en\/wp-json\/wp\/v2\/pages\/6949","targetHints":{"allow":["GET"]}}],"collection":[{"href":"https:\/\/mwrr.de\/en\/wp-json\/wp\/v2\/pages"}],"about":[{"href":"https:\/\/mwrr.de\/en\/wp-json\/wp\/v2\/types\/page"}],"author":[{"embeddable":true,"href":"https:\/\/mwrr.de\/en\/wp-json\/wp\/v2\/users\/1"}],"replies":[{"embeddable":true,"href":"https:\/\/mwrr.de\/en\/wp-json\/wp\/v2\/comments?post=6949"}],"version-history":[{"count":7,"href":"https:\/\/mwrr.de\/en\/wp-json\/wp\/v2\/pages\/6949\/revisions"}],"predecessor-version":[{"id":7154,"href":"https:\/\/mwrr.de\/en\/wp-json\/wp\/v2\/pages\/6949\/revisions\/7154"}],"wp:attachment":[{"href":"https:\/\/mwrr.de\/en\/wp-json\/wp\/v2\/media?parent=6949"}],"curies":[{"name":"wp","href":"https:\/\/api.w.org\/{rel}","templated":true}]}}