{"id":7051,"date":"2023-09-05T10:44:28","date_gmt":"2023-09-05T10:44:28","guid":{"rendered":"https:\/\/mwrr.de\/?page_id=7051"},"modified":"2023-09-08T16:09:40","modified_gmt":"2023-09-08T15:09:40","slug":"kontakt","status":"publish","type":"page","link":"https:\/\/mwrr.de\/en\/kontakt\/","title":{"rendered":"Contact"},"content":{"rendered":"<div id=\"fws_69e1e8ca25b05\"  data-column-margin=\"default\" data-midnight=\"dark\"  class=\"wpb_row vc_row-fluid vc_row full-width-content vc_row-o-equal-height vc_row-flex vc_row-o-content-middle  top_margin_25px zindex-set\"  style=\"padding-top: 0px; padding-bottom: 0px;  z-index: 999999999;\"><div class=\"row-bg-wrap\" data-bg-animation=\"none\" data-bg-animation-delay=\"\" data-bg-overlay=\"true\"><div class=\"inner-wrap row-bg-layer\" ><div class=\"row-bg viewport-desktop using-bg-color\"  style=\"background-color: #ffffff; \"><\/div><\/div><div class=\"row-bg-overlay row-bg-layer\" style=\"background-color:#ffffff;  opacity: 1; \"><\/div><\/div><div class=\"nectar-shape-divider-wrap\" style=\" height:50px;\"  data-height=\"50\" data-front=\"true\" data-style=\"mountains\" data-position=\"top\" ><svg class=\"nectar-shape-divider\" fill=\"#ffffff\" xmlns=\"http:\/\/www.w3.org\/2000\/svg\" viewbox=\"0 0 1000 300\" preserveaspectratio=\"none\">\n          <path d=\"M 1014 264 v 122 h -808 l -172 -86 s 310.42 -22.84 402 -79 c 106 -65 154 -61 268 -12 c 107 46 195.11 5.94 275 137 z\"><\/path>   <path d=\"M -302 55 s 235.27 208.25 352 159 c 128 -54 233 -98 303 -73 c 92.68 33.1 181.28 115.19 235 108 c 104.9 -14 176.52 -173.06 267 -118 c 85.61 52.09 145 123 145 123 v 74 l -1306 10 z\"><\/path>\n          <path d=\"M -286 255 s 214 -103 338 -129 s 203 29 384 101 c 145.57 57.91 178.7 50.79 272 0 c 79 -43 301 -224 385 -63 c 53 101.63 -62 129 -62 129 l -107 84 l -1212 12 z\"><\/path>\n          <path d=\"M -24 69 s 299.68 301.66 413 245 c 8 -4 233 2 284 42 c 17.47 13.7 172 -132 217 -174 c 54.8 -51.15 128 -90 188 -39 c 76.12 64.7 118 99 118 99 l -12 132 l -1212 12 z\"><\/path>\n          <path d=\"M -12 201 s 70 83 194 57 s 160.29 -36.77 274 6 c 109 41 184.82 24.36 265 -15 c 55 -27 116.5 -57.69 214 4 c 49 31 95 26 95 26 l -6 151 l -1036 10 z\"><\/path> <\/svg><\/div><div class=\"nectar-shape-divider-wrap\" style=\" height:50px;\"  data-height=\"50\" data-front=\"true\" data-style=\"mountains\" data-position=\"bottom\" ><svg class=\"nectar-shape-divider\" fill=\"#ffffff\" xmlns=\"http:\/\/www.w3.org\/2000\/svg\" viewbox=\"0 0 1000 300\" preserveaspectratio=\"none\">\n          <path d=\"M 1014 264 v 122 h -808 l -172 -86 s 310.42 -22.84 402 -79 c 106 -65 154 -61 268 -12 c 107 46 195.11 5.94 275 137 z\"><\/path>   <path d=\"M -302 55 s 235.27 208.25 352 159 c 128 -54 233 -98 303 -73 c 92.68 33.1 181.28 115.19 235 108 c 104.9 -14 176.52 -173.06 267 -118 c 85.61 52.09 145 123 145 123 v 74 l -1306 10 z\"><\/path>\n          <path d=\"M -286 255 s 214 -103 338 -129 s 203 29 384 101 c 145.57 57.91 178.7 50.79 272 0 c 79 -43 301 -224 385 -63 c 53 101.63 -62 129 -62 129 l -107 84 l -1212 12 z\"><\/path>\n          <path d=\"M -24 69 s 299.68 301.66 413 245 c 8 -4 233 2 284 42 c 17.47 13.7 172 -132 217 -174 c 54.8 -51.15 128 -90 188 -39 c 76.12 64.7 118 99 118 99 l -12 132 l -1212 12 z\"><\/path>\n          <path d=\"M -12 201 s 70 83 194 57 s 160.29 -36.77 274 6 c 109 41 184.82 24.36 265 -15 c 55 -27 116.5 -57.69 214 4 c 49 31 95 26 95 26 l -6 151 l -1036 10 z\"><\/path> <\/svg><\/div><div class=\"row_col_wrap_12 col span_12 dark left\">\n\t<div style=\" color: #ffffff;\" class=\"vc_col-sm-6 wpb_column column_container vc_column_container col padding-8-percent inherit_tablet inherit_phone\" data-cfc=\"true\" data-using-bg=\"true\" data-padding-pos=\"all\" data-has-bg-color=\"true\" data-bg-color=\"#0a0a0a\" data-bg-opacity=\"0.8\" data-animation=\"\" data-delay=\"0\" >\n\t\t<div class=\"vc_column-inner\" ><div class=\"column-image-bg-wrap column-bg-layer viewport-desktop\" data-bg-pos=\"center center\" data-bg-animation=\"none\" data-bg-overlay=\"false\"><div class=\"inner-wrap\"><div class=\"column-image-bg\" style=\" background-image: url('https:\/\/mwrr.de\/wp-content\/uploads\/2023\/03\/energy-g9a0055fd1_1920.jpg'); \"><\/div><\/div><\/div><div class=\"column-bg-overlay-wrap column-bg-layer\" data-bg-animation=\"none\"><div class=\"column-bg-overlay\" style=\"opacity: 0.8; background-color: #0a0a0a;\"><\/div><\/div>\n\t\t\t<div class=\"wpb_wrapper\">\n\t\t\t\t<h2 style=\"color: #ffffff;text-align: left\" class=\"vc_custom_heading\" >Any questions?<br \/>\nNo problem.<\/h2>\n<div class=\"wpb_text_column wpb_content_element  vc_custom_1678929660614\" style=\" max-width: 475px; display: inline-block;\">\n\t<div class=\"wpb_wrapper\">\n\t\t<p>Feel free to reach us via email or phone.<\/p>\n\t<\/div>\n<\/div>\n\n\n\n<div class=\"nectar-cta  alignment_tablet_default alignment_phone_default display_tablet_inherit display_phone_inherit\" data-color=\"default\" data-using-bg=\"false\" data-style=\"see-through\" data-display=\"block\" data-alignment=\"left\" data-text-color=\"custom\" ><h5 style=\"color: #ffffff;\"> <span class=\"text\"> <\/span><span class=\"link_wrap\" ><a  class=\"link_text\" href=\"mailto:info@mwrr.de\">E-Mail<span class=\"arrow\"><\/span><\/a><\/span><\/h5><\/div><div class=\"nectar-cta  alignment_tablet_default alignment_phone_default display_tablet_inherit display_phone_inherit\" data-color=\"default\" data-using-bg=\"false\" data-style=\"see-through\" data-display=\"block\" data-alignment=\"left\" data-text-color=\"custom\" ><h5 style=\"color: #ffffff;\"> <span class=\"text\"> <\/span><span class=\"link_wrap\" ><a  class=\"link_text\" href=\"tel:+49502589400\">Telephone<span class=\"arrow\"><\/span><\/a><\/span><\/h5><\/div>\n\t\t\t<\/div> \n\t\t<\/div>\n\t<\/div> \n\n\t<div style=\"\" class=\"vc_col-sm-6 wpb_column column_container vc_column_container col padding-8-percent inherit_tablet inherit_phone\" data-using-bg=\"true\" data-padding-pos=\"all\" data-has-bg-color=\"true\" data-bg-color=\"#3cb879\" data-bg-opacity=\"0.4\" data-animation=\"\" data-delay=\"0\" >\n\t\t<div class=\"vc_column-inner\" ><div class=\"column-bg-overlay-wrap column-bg-layer\" data-bg-animation=\"none\"><div class=\"column-bg-overlay\" style=\"opacity: 0.4; background-color: #3cb879;\"><\/div><\/div>\n\t\t\t<div class=\"wpb_wrapper\">\n\t\t\t\t\n<div class=\"wpb_text_column wpb_content_element\" >\n\t<div class=\"wpb_wrapper\">\n\t\t<h3>Mittelweser R\u00fcckbau &amp; Recycling GmbH<\/h3>\n<p>&nbsp;<\/p>\n<h6 style=\"color: rgba(0,0,0,0.4);\">Address<\/h6>\n<h3><span style=\"font-weight: 400;\">Brokeloher Stra\u00dfe 8-12<\/span><span style=\"font-weight: 400;\"><br \/>\n<\/span><span style=\"font-weight: 400;\">31628 Landesbergen<\/span><\/h3>\n<p>&nbsp;<\/p>\n<h6 style=\"color: rgba(0,0,0,0.4);\">E-Mail<\/h6>\n<h3><span style=\"font-weight: 400;\">info@mwrr.de<br \/>\n<\/span><\/h3>\n<p>&nbsp;<\/p>\n<h6 style=\"color: rgba(0,0,0,0.4);\">Telephone<\/h6>\n<h3><span style=\"font-weight: 400;\">+<span class=\"ui-provider azy azz baa bab bac bae baf bag bah bai baj bak bal bam ban bao bap baq bar bas bat bau bav baw bax bay baz bba bbb bbc bbd bbe bbf bbg bbh\" dir=\"ltr\">49 5025 89400<\/span><\/span><\/h3>\n\t<\/div>\n<\/div>\n\n\n\n\n\t\t\t<\/div> \n\t\t<\/div>\n\t<\/div> \n<\/div><\/div>","protected":false},"excerpt":{"rendered":"Noch Fragen? Kein Problem. Erreiche uns gerne \u00fcber E-Mail oder Telefon. E-Mail Telefon Mittelweser R\u00fcckbau &amp; Recycling GmbH &nbsp; Adresse Brokeloher Stra\u00dfe 8-12 31628 Landesbergen &nbsp; E-Mail info@mwrr.de &nbsp; Telefon...","protected":false},"author":1,"featured_media":0,"parent":0,"menu_order":0,"comment_status":"closed","ping_status":"closed","template":"","meta":{"_monsterinsights_skip_tracking":false,"_monsterinsights_sitenote_active":false,"_monsterinsights_sitenote_note":"","_monsterinsights_sitenote_category":0,"footnotes":""},"class_list":["post-7051","page","type-page","status-publish"],"_links":{"self":[{"href":"https:\/\/mwrr.de\/en\/wp-json\/wp\/v2\/pages\/7051","targetHints":{"allow":["GET"]}}],"collection":[{"href":"https:\/\/mwrr.de\/en\/wp-json\/wp\/v2\/pages"}],"about":[{"href":"https:\/\/mwrr.de\/en\/wp-json\/wp\/v2\/types\/page"}],"author":[{"embeddable":true,"href":"https:\/\/mwrr.de\/en\/wp-json\/wp\/v2\/users\/1"}],"replies":[{"embeddable":true,"href":"https:\/\/mwrr.de\/en\/wp-json\/wp\/v2\/comments?post=7051"}],"version-history":[{"count":7,"href":"https:\/\/mwrr.de\/en\/wp-json\/wp\/v2\/pages\/7051\/revisions"}],"predecessor-version":[{"id":7092,"href":"https:\/\/mwrr.de\/en\/wp-json\/wp\/v2\/pages\/7051\/revisions\/7092"}],"wp:attachment":[{"href":"https:\/\/mwrr.de\/en\/wp-json\/wp\/v2\/media?parent=7051"}],"curies":[{"name":"wp","href":"https:\/\/api.w.org\/{rel}","templated":true}]}}