{"id":7079,"date":"2023-09-07T21:08:32","date_gmt":"2023-09-07T20:08:32","guid":{"rendered":"https:\/\/mwrr.de\/?page_id=7079"},"modified":"2023-09-07T21:08:32","modified_gmt":"2023-09-07T20:08:32","slug":"recycling","status":"publish","type":"page","link":"https:\/\/mwrr.de\/en\/recycling\/","title":{"rendered":"Recycling"},"content":{"rendered":"<div id=\"intro\"  data-column-margin=\"default\" data-midnight=\"light\" data-top-percent=\"9%\" data-bottom-percent=\"9%\"  class=\"wpb_row vc_row-fluid vc_row full-width-section\"  style=\"padding-top: calc(100vw * 0.09); padding-bottom: calc(100vw * 0.09); \"><div class=\"row-bg-wrap\" data-bg-animation=\"none\" data-bg-animation-delay=\"\" data-bg-overlay=\"true\"><div class=\"inner-wrap row-bg-layer using-image\" ><div class=\"row-bg viewport-desktop using-image using-bg-color\"  style=\"background-image: url(https:\/\/mwrr.de\/wp-content\/uploads\/2023\/03\/1920x1080.jpg); background-position: center center; background-repeat: no-repeat; background-color: #454156; \"><\/div><\/div><div class=\"row-bg-overlay row-bg-layer\" style=\"background-color:#0a0a0a;  opacity: 0.8; \"><\/div><\/div><div class=\"row_col_wrap_12 col span_12 light left\">\n\t<div  class=\"vc_col-sm-12 wpb_column column_container vc_column_container col centered-text has-animation padding-6-percent inherit_tablet inherit_phone\"  data-padding-pos=\"all\" data-has-bg-color=\"false\" data-bg-color=\"\" data-bg-opacity=\"1\" data-animation=\"fade-in-from-bottom\" data-delay=\"0\" >\n\t\t<div class=\"vc_column-inner\" >\n\t\t\t<div class=\"wpb_wrapper\">\n\t\t\t\t\n<div class=\"wpb_text_column wpb_content_element\" >\n\t<div class=\"wpb_wrapper\">\n\t\t<h1>Recycling<\/h1>\n\t<\/div>\n<\/div>\n\n\n\n\n\t\t\t<\/div> \n\t\t<\/div>\n\t<\/div> \n<\/div><\/div>\n\t\t<div id=\"about-text\"  data-column-margin=\"default\" data-midnight=\"dark\" data-top-percent=\"8%\" data-bottom-percent=\"7%\"  class=\"wpb_row vc_row-fluid vc_row full-width-section\"  style=\"padding-top: calc(100vw * 0.08); padding-bottom: calc(100vw * 0.07); \"><div class=\"row-bg-wrap\" data-bg-animation=\"none\" data-bg-animation-delay=\"\" data-bg-overlay=\"false\"><div class=\"inner-wrap row-bg-layer\" ><div class=\"row-bg viewport-desktop\"  style=\"\"><\/div><\/div><\/div><div class=\"row_col_wrap_12 col span_12 dark left\">\n\t<div  class=\"vc_col-sm-12 wpb_column column_container vc_column_container col has-animation no-extra-padding inherit_tablet inherit_phone\"  data-padding-pos=\"all\" data-has-bg-color=\"false\" data-bg-color=\"\" data-bg-opacity=\"1\" data-animation=\"fade-in-from-bottom\" data-delay=\"0\" >\n\t\t<div class=\"vc_column-inner\" >\n\t\t\t<div class=\"wpb_wrapper\">\n\t\t\t\t\n<div class=\"wpb_text_column wpb_content_element  vc_custom_1694117223157\" >\n\t<div class=\"wpb_wrapper\">\n\t\t<h2>The key to a sustainable future<\/h2>\n\t<\/div>\n<\/div>\n\n\n\n<div id=\"fws_69e1e95968262\" data-midnight=\"\" data-column-margin=\"default\" class=\"wpb_row vc_row-fluid vc_row inner_row  top_padding_tablet_25px top_padding_phone_25px\"  style=\"\"><div class=\"row-bg-wrap\"> <div class=\"row-bg\" ><\/div> <\/div><div class=\"row_col_wrap_12_inner col span_12  left\">\n\t<div  class=\"vc_col-sm-12 wpb_column column_container vc_column_container col child_column has-animation padding-3-percent inherit_tablet inherit_phone\"   data-padding-pos=\"top-bottom\" data-has-bg-color=\"false\" data-bg-color=\"\" data-bg-opacity=\"1\" data-animation=\"fade-in-from-bottom\" data-delay=\"0\" >\n\t\t<div class=\"vc_column-inner\" >\n\t\t<div class=\"wpb_wrapper\">\n\t\t\t\n<div class=\"wpb_text_column wpb_content_element  vc_custom_1694117262489\" >\n\t<div class=\"wpb_wrapper\">\n\t\t<p><span style=\"font-weight: 400;\">Our recycling service for wind turbines provides an efficient and environmentally-friendly solution for reusing no longer needed components of these structures. We specialize particularly in the reuse of generators and have developed specialized techniques to recycle them to enable optimal reuse. Our experienced team ensures that all materials, including steel, copper, and electrical components, are carefully sorted and recycled, with minimal environmental impact.<\/span><\/p>\n\t<\/div>\n<\/div>\n\n\n\n\n\t\t<\/div> \n\t<\/div>\n\t<\/div> \n<\/div><\/div>\n\t\t\t<\/div> \n\t\t<\/div>\n\t<\/div> \n<\/div><\/div>","protected":false},"excerpt":{"rendered":"Recycling Der Schl\u00fcssel zu einer nachhaltigen Zukunft Unsere Recycling-Dienstleistung f\u00fcr Windkraftanlagen bietet eine effiziente und umweltfreundliche L\u00f6sung f\u00fcr die Wiederverwendung von nicht mehr ben\u00f6tigten Anlagenkomponenten. Wir haben uns insbesondere auf...","protected":false},"author":1,"featured_media":0,"parent":0,"menu_order":0,"comment_status":"closed","ping_status":"closed","template":"","meta":{"_monsterinsights_skip_tracking":false,"_monsterinsights_sitenote_active":false,"_monsterinsights_sitenote_note":"","_monsterinsights_sitenote_category":0,"footnotes":""},"class_list":["post-7079","page","type-page","status-publish"],"_links":{"self":[{"href":"https:\/\/mwrr.de\/en\/wp-json\/wp\/v2\/pages\/7079","targetHints":{"allow":["GET"]}}],"collection":[{"href":"https:\/\/mwrr.de\/en\/wp-json\/wp\/v2\/pages"}],"about":[{"href":"https:\/\/mwrr.de\/en\/wp-json\/wp\/v2\/types\/page"}],"author":[{"embeddable":true,"href":"https:\/\/mwrr.de\/en\/wp-json\/wp\/v2\/users\/1"}],"replies":[{"embeddable":true,"href":"https:\/\/mwrr.de\/en\/wp-json\/wp\/v2\/comments?post=7079"}],"version-history":[{"count":1,"href":"https:\/\/mwrr.de\/en\/wp-json\/wp\/v2\/pages\/7079\/revisions"}],"predecessor-version":[{"id":7080,"href":"https:\/\/mwrr.de\/en\/wp-json\/wp\/v2\/pages\/7079\/revisions\/7080"}],"wp:attachment":[{"href":"https:\/\/mwrr.de\/en\/wp-json\/wp\/v2\/media?parent=7079"}],"curies":[{"name":"wp","href":"https:\/\/api.w.org\/{rel}","templated":true}]}}